{"id":4665,"date":"2025-12-10T05:59:50","date_gmt":"2025-12-10T05:59:50","guid":{"rendered":"https:\/\/www.baeckerei-schedel.de\/?page_id=4665"},"modified":"2026-02-06T09:52:11","modified_gmt":"2026-02-06T09:52:11","slug":"monatsangebot","status":"publish","type":"page","link":"https:\/\/www.baeckerei-schedel.de\/?page_id=4665","title":{"rendered":"Monatsangebot"},"content":{"rendered":"<div class=\"wpb-content-wrapper\"><p>[vc_row][vc_column][vc_custom_heading text=&#8220;Monatsangebot&#8220; font_container=&#8220;tag:h1|text_align:center&#8220;][vc_column_text]<\/p>\r\n<blockquote>\r\n<p style=\"text-align: center;\">Jeden Monat erwartet Sie ein neues Highlight aus unserer B\u00e4ckerei, Konditorei und unserem Caf\u00e9.<\/p>\r\n<p style=\"text-align: center;\" data-pm-slice=\"1 1 []\">Wie immer mit Leidenschaft und Herz f\u00fcr unsere Kunden erstellt.<\/p>\r\n<\/blockquote>\r\n<p><img loading=\"lazy\" decoding=\"async\" class=\"alignnone wp-image-4674 aligncenter\" src=\"https:\/\/www.baeckerei-schedel.de\/wp-content\/uploads\/2026\/02\/Blaettle.26.02Haxe-203x300.png\" alt=\"\" width=\"340\" height=\"502\" srcset=\"https:\/\/www.baeckerei-schedel.de\/wp-content\/uploads\/2026\/02\/Blaettle.26.02Haxe-203x300.png 203w, https:\/\/www.baeckerei-schedel.de\/wp-content\/uploads\/2026\/02\/Blaettle.26.02Haxe.png 391w\" sizes=\"auto, (max-width: 340px) 100vw, 340px\" \/><\/p>\r\n<p>[\/vc_column_text][\/vc_column][\/vc_row]<\/p><\/div>","protected":false},"excerpt":{"rendered":"<p>[vc_row][vc_column][vc_custom_heading text=&#8220;Monatsangebot&#8220; font_container=&#8220;tag:h1|text_align:center&#8220;][vc_column_text] Jeden Monat erwartet Sie ein neues Highlight aus unserer B\u00e4ckerei, Konditorei und unserem Caf\u00e9. Wie immer mit Leidenschaft und Herz f\u00fcr unsere Kunden erstellt. [\/vc_column_text][\/vc_column][\/vc_row]<\/p>\n","protected":false},"author":1,"featured_media":0,"parent":0,"menu_order":0,"comment_status":"closed","ping_status":"closed","template":"","meta":{"footnotes":""},"class_list":["post-4665","page","type-page","status-publish","hentry"],"_links":{"self":[{"href":"https:\/\/www.baeckerei-schedel.de\/index.php?rest_route=\/wp\/v2\/pages\/4665","targetHints":{"allow":["GET"]}}],"collection":[{"href":"https:\/\/www.baeckerei-schedel.de\/index.php?rest_route=\/wp\/v2\/pages"}],"about":[{"href":"https:\/\/www.baeckerei-schedel.de\/index.php?rest_route=\/wp\/v2\/types\/page"}],"author":[{"embeddable":true,"href":"https:\/\/www.baeckerei-schedel.de\/index.php?rest_route=\/wp\/v2\/users\/1"}],"replies":[{"embeddable":true,"href":"https:\/\/www.baeckerei-schedel.de\/index.php?rest_route=%2Fwp%2Fv2%2Fcomments&post=4665"}],"version-history":[{"count":6,"href":"https:\/\/www.baeckerei-schedel.de\/index.php?rest_route=\/wp\/v2\/pages\/4665\/revisions"}],"predecessor-version":[{"id":4681,"href":"https:\/\/www.baeckerei-schedel.de\/index.php?rest_route=\/wp\/v2\/pages\/4665\/revisions\/4681"}],"wp:attachment":[{"href":"https:\/\/www.baeckerei-schedel.de\/index.php?rest_route=%2Fwp%2Fv2%2Fmedia&parent=4665"}],"curies":[{"name":"wp","href":"https:\/\/api.w.org\/{rel}","templated":true}]}}