{"id":4607,"date":"2025-12-09T10:52:40","date_gmt":"2025-12-09T10:52:40","guid":{"rendered":"https:\/\/www.baeckerei-schedel.de\/?page_id=4607"},"modified":"2025-12-09T13:10:51","modified_gmt":"2025-12-09T13:10:51","slug":"konditorei","status":"publish","type":"page","link":"https:\/\/www.baeckerei-schedel.de\/?page_id=4607","title":{"rendered":"Konditorei"},"content":{"rendered":"<div class=\"wpb-content-wrapper\"><p>[vc_row][vc_column]<div class=\"grve-element grve-slogan grve-align-center\" style=\"\"><h1 class=\"grve-slogan-title grve-align-center grve-title-no-line\"><span>Konditorei<\/span><\/h1>  <p class=\"\">In der Konditorei ist ein H\u00f6chstma\u00df an handwerklichem K\u00f6nnen und Kreativit\u00e4t gefragt. Besonders bei unseren Torten- und Kuchen, bei denen wir aus frischen Zutaten k\u00f6stliche und individuelle Meisterwerke f\u00fcr Sie herstellen.<\/p>\n<p>Die Produktion unserer Backwaren findet, trotz modernster Technik in der Backstube, immer noch nach alter Handwerkstradition statt. Um t\u00e4glich beste Qualit\u00e4t zu liefern, sind deshalb besonders Fachwissen und die Erfahrung der B\u00e4cker gefragt. Durch ihr K\u00f6nnen ist es m\u00f6glich, Schwankungen wie Temperatur, Luftfeuchtigkeit und Mehlqualit\u00e4t auszugleichen.<\/p><\/div><div class=\"grve-element grve-hr grve-space-divider\" style=\"\"><\/div>[\/vc_column][\/vc_row][vc_row][vc_column][vc_tta_accordion][vc_tta_section i_icon_fontawesome=&#8220;fas fa-home&#8220; add_icon=&#8220;true&#8220; title=&#8220;Pralinen&#8220; tab_id=&#8220;1749021922896-94c8055d-f16c&#8220;][vc_column_text]<\/p>\n<div class=\"text-widget-763903 text-widget widget\">\n<p>Die Praline steht bei uns sehr hoch im Kurs. Wir stellen die \u201es\u00fc\u00dfe Versuchung\u201c mit gr\u00f6\u00dftem handwerklichem Geschick komplett in unserer Konditorei selbst her. Lassen Sie sich von au\u00dfergew\u00f6hnlichen F\u00fcllungen sowohl mit als auch ohne Alkohol verw\u00f6hnen.<\/p>\n<p class=\"text-justify\"><img loading=\"lazy\" decoding=\"async\" class=\"aligncenter size-full wp-image-4613\" src=\"https:\/\/www.baeckerei-schedel.de\/wp-content\/uploads\/2025\/12\/Pralinen-gross.jpg\" alt=\"\" width=\"942\" height=\"277\" srcset=\"https:\/\/www.baeckerei-schedel.de\/wp-content\/uploads\/2025\/12\/Pralinen-gross.jpg 942w, https:\/\/www.baeckerei-schedel.de\/wp-content\/uploads\/2025\/12\/Pralinen-gross-300x88.jpg 300w, https:\/\/www.baeckerei-schedel.de\/wp-content\/uploads\/2025\/12\/Pralinen-gross-768x226.jpg 768w\" sizes=\"auto, (max-width: 942px) 100vw, 942px\" \/><\/p>\n<p><img loading=\"lazy\" decoding=\"async\" class=\"aligncenter size-large wp-image-4612\" src=\"https:\/\/www.baeckerei-schedel.de\/wp-content\/uploads\/2025\/12\/Pralinen-alk-1024x465.jpg\" alt=\"\" width=\"1024\" height=\"465\" srcset=\"https:\/\/www.baeckerei-schedel.de\/wp-content\/uploads\/2025\/12\/Pralinen-alk-1024x465.jpg 1024w, https:\/\/www.baeckerei-schedel.de\/wp-content\/uploads\/2025\/12\/Pralinen-alk-300x136.jpg 300w, https:\/\/www.baeckerei-schedel.de\/wp-content\/uploads\/2025\/12\/Pralinen-alk-768x348.jpg 768w, https:\/\/www.baeckerei-schedel.de\/wp-content\/uploads\/2025\/12\/Pralinen-alk-1536x697.jpg 1536w, https:\/\/www.baeckerei-schedel.de\/wp-content\/uploads\/2025\/12\/Pralinen-alk.jpg 1585w\" sizes=\"auto, (max-width: 1024px) 100vw, 1024px\" \/><img loading=\"lazy\" decoding=\"async\" class=\"aligncenter size-large wp-image-4614\" src=\"https:\/\/www.baeckerei-schedel.de\/wp-content\/uploads\/2025\/12\/Pralinen-ohne-alk-1024x626.jpg\" alt=\"\" width=\"1024\" height=\"626\" srcset=\"https:\/\/www.baeckerei-schedel.de\/wp-content\/uploads\/2025\/12\/Pralinen-ohne-alk-1024x626.jpg 1024w, https:\/\/www.baeckerei-schedel.de\/wp-content\/uploads\/2025\/12\/Pralinen-ohne-alk-300x183.jpg 300w, https:\/\/www.baeckerei-schedel.de\/wp-content\/uploads\/2025\/12\/Pralinen-ohne-alk-768x470.jpg 768w, https:\/\/www.baeckerei-schedel.de\/wp-content\/uploads\/2025\/12\/Pralinen-ohne-alk.jpg 1176w\" sizes=\"auto, (max-width: 1024px) 100vw, 1024px\" \/><\/p>\n<\/div>\n<p>[\/vc_column_text]<div class=\"grve-element grve-hr grve-space-divider\" style=\"\"><\/div>[\/vc_tta_section][vc_tta_section i_icon_fontawesome=&#8220;fab fa-stack-overflow&#8220; add_icon=&#8220;true&#8220; title=&#8220;Torten &#8220; tab_id=&#8220;1749021922896-4bf06b85-0426&#8243;][vc_column_text]F\u00fcr Sie fertigen wir au\u00dfer unseren vielz\u00e4hligen Standardtorten auch Sahne-, Joghurt- oder Cremetorten mit individuellem Geschmack. Eigene Kreationen wie die Fruchtbombe oder der Auber Berg sind aus der langen Liste \u00fcberlieferter Rezepte nicht wegzudenken. Neben unserem normalen Sortiment bieten wir Ihnen w\u00f6chentlich wechselnde Torten an.<\/p>\n<p>&nbsp;<\/p>\n<p>&nbsp;<\/p>\n<p><img loading=\"lazy\" decoding=\"async\" class=\"aligncenter size-large wp-image-4634\" src=\"https:\/\/www.baeckerei-schedel.de\/wp-content\/uploads\/2025\/12\/DSC_0125-1024x683.png\" alt=\"\" width=\"1024\" height=\"683\" srcset=\"https:\/\/www.baeckerei-schedel.de\/wp-content\/uploads\/2025\/12\/DSC_0125-1024x683.png 1024w, https:\/\/www.baeckerei-schedel.de\/wp-content\/uploads\/2025\/12\/DSC_0125-300x200.png 300w, https:\/\/www.baeckerei-schedel.de\/wp-content\/uploads\/2025\/12\/DSC_0125-768x512.png 768w, https:\/\/www.baeckerei-schedel.de\/wp-content\/uploads\/2025\/12\/DSC_0125-1536x1024.png 1536w, https:\/\/www.baeckerei-schedel.de\/wp-content\/uploads\/2025\/12\/DSC_0125-1920x1280.png 1920w\" sizes=\"auto, (max-width: 1024px) 100vw, 1024px\" \/><img loading=\"lazy\" decoding=\"async\" class=\"aligncenter size-large wp-image-4647\" src=\"https:\/\/www.baeckerei-schedel.de\/wp-content\/uploads\/2025\/12\/DSC_009950-1024x683.png\" alt=\"\" width=\"1024\" height=\"683\" srcset=\"https:\/\/www.baeckerei-schedel.de\/wp-content\/uploads\/2025\/12\/DSC_009950-1024x683.png 1024w, https:\/\/www.baeckerei-schedel.de\/wp-content\/uploads\/2025\/12\/DSC_009950-300x200.png 300w, https:\/\/www.baeckerei-schedel.de\/wp-content\/uploads\/2025\/12\/DSC_009950-768x512.png 768w, https:\/\/www.baeckerei-schedel.de\/wp-content\/uploads\/2025\/12\/DSC_009950-1536x1024.png 1536w, https:\/\/www.baeckerei-schedel.de\/wp-content\/uploads\/2025\/12\/DSC_009950-1920x1280.png 1920w\" sizes=\"auto, (max-width: 1024px) 100vw, 1024px\" \/><img loading=\"lazy\" decoding=\"async\" class=\"aligncenter size-large wp-image-4646\" src=\"https:\/\/www.baeckerei-schedel.de\/wp-content\/uploads\/2025\/12\/DSC_9956-1024x683.png\" alt=\"\" width=\"1024\" height=\"683\" srcset=\"https:\/\/www.baeckerei-schedel.de\/wp-content\/uploads\/2025\/12\/DSC_9956-1024x683.png 1024w, https:\/\/www.baeckerei-schedel.de\/wp-content\/uploads\/2025\/12\/DSC_9956-300x200.png 300w, https:\/\/www.baeckerei-schedel.de\/wp-content\/uploads\/2025\/12\/DSC_9956-768x512.png 768w, https:\/\/www.baeckerei-schedel.de\/wp-content\/uploads\/2025\/12\/DSC_9956-1536x1024.png 1536w, https:\/\/www.baeckerei-schedel.de\/wp-content\/uploads\/2025\/12\/DSC_9956-1920x1280.png 1920w\" sizes=\"auto, (max-width: 1024px) 100vw, 1024px\" \/><img loading=\"lazy\" decoding=\"async\" class=\"aligncenter size-large wp-image-4645\" src=\"https:\/\/www.baeckerei-schedel.de\/wp-content\/uploads\/2025\/12\/DSC_9963-1024x683.png\" alt=\"\" width=\"1024\" height=\"683\" srcset=\"https:\/\/www.baeckerei-schedel.de\/wp-content\/uploads\/2025\/12\/DSC_9963-1024x683.png 1024w, https:\/\/www.baeckerei-schedel.de\/wp-content\/uploads\/2025\/12\/DSC_9963-300x200.png 300w, https:\/\/www.baeckerei-schedel.de\/wp-content\/uploads\/2025\/12\/DSC_9963-768x512.png 768w, https:\/\/www.baeckerei-schedel.de\/wp-content\/uploads\/2025\/12\/DSC_9963-1536x1024.png 1536w, https:\/\/www.baeckerei-schedel.de\/wp-content\/uploads\/2025\/12\/DSC_9963-1920x1280.png 1920w\" sizes=\"auto, (max-width: 1024px) 100vw, 1024px\" \/><img loading=\"lazy\" decoding=\"async\" class=\"aligncenter size-large wp-image-4644\" src=\"https:\/\/www.baeckerei-schedel.de\/wp-content\/uploads\/2025\/12\/DSC_9968-1024x683.png\" alt=\"\" width=\"1024\" height=\"683\" srcset=\"https:\/\/www.baeckerei-schedel.de\/wp-content\/uploads\/2025\/12\/DSC_9968-1024x683.png 1024w, https:\/\/www.baeckerei-schedel.de\/wp-content\/uploads\/2025\/12\/DSC_9968-300x200.png 300w, https:\/\/www.baeckerei-schedel.de\/wp-content\/uploads\/2025\/12\/DSC_9968-768x512.png 768w, https:\/\/www.baeckerei-schedel.de\/wp-content\/uploads\/2025\/12\/DSC_9968-1536x1024.png 1536w, https:\/\/www.baeckerei-schedel.de\/wp-content\/uploads\/2025\/12\/DSC_9968-1920x1280.png 1920w\" sizes=\"auto, (max-width: 1024px) 100vw, 1024px\" \/><img loading=\"lazy\" decoding=\"async\" class=\"aligncenter size-large wp-image-4643\" src=\"https:\/\/www.baeckerei-schedel.de\/wp-content\/uploads\/2025\/12\/DSC_9973-1024x683.png\" alt=\"\" width=\"1024\" height=\"683\" srcset=\"https:\/\/www.baeckerei-schedel.de\/wp-content\/uploads\/2025\/12\/DSC_9973-1024x683.png 1024w, https:\/\/www.baeckerei-schedel.de\/wp-content\/uploads\/2025\/12\/DSC_9973-300x200.png 300w, https:\/\/www.baeckerei-schedel.de\/wp-content\/uploads\/2025\/12\/DSC_9973-768x512.png 768w, https:\/\/www.baeckerei-schedel.de\/wp-content\/uploads\/2025\/12\/DSC_9973-1536x1024.png 1536w, https:\/\/www.baeckerei-schedel.de\/wp-content\/uploads\/2025\/12\/DSC_9973-1920x1280.png 1920w\" sizes=\"auto, (max-width: 1024px) 100vw, 1024px\" \/><img loading=\"lazy\" decoding=\"async\" class=\"aligncenter size-large wp-image-4642\" src=\"https:\/\/www.baeckerei-schedel.de\/wp-content\/uploads\/2025\/12\/DSC_9984-1024x683.png\" alt=\"\" width=\"1024\" height=\"683\" srcset=\"https:\/\/www.baeckerei-schedel.de\/wp-content\/uploads\/2025\/12\/DSC_9984-1024x683.png 1024w, https:\/\/www.baeckerei-schedel.de\/wp-content\/uploads\/2025\/12\/DSC_9984-300x200.png 300w, https:\/\/www.baeckerei-schedel.de\/wp-content\/uploads\/2025\/12\/DSC_9984-768x512.png 768w, https:\/\/www.baeckerei-schedel.de\/wp-content\/uploads\/2025\/12\/DSC_9984-1536x1024.png 1536w, https:\/\/www.baeckerei-schedel.de\/wp-content\/uploads\/2025\/12\/DSC_9984-1920x1280.png 1920w\" sizes=\"auto, (max-width: 1024px) 100vw, 1024px\" \/><img loading=\"lazy\" decoding=\"async\" class=\"aligncenter size-large wp-image-4641\" src=\"https:\/\/www.baeckerei-schedel.de\/wp-content\/uploads\/2025\/12\/DSC_0072-1024x683.png\" alt=\"\" width=\"1024\" height=\"683\" srcset=\"https:\/\/www.baeckerei-schedel.de\/wp-content\/uploads\/2025\/12\/DSC_0072-1024x683.png 1024w, https:\/\/www.baeckerei-schedel.de\/wp-content\/uploads\/2025\/12\/DSC_0072-300x200.png 300w, https:\/\/www.baeckerei-schedel.de\/wp-content\/uploads\/2025\/12\/DSC_0072-768x512.png 768w, https:\/\/www.baeckerei-schedel.de\/wp-content\/uploads\/2025\/12\/DSC_0072-1536x1024.png 1536w, https:\/\/www.baeckerei-schedel.de\/wp-content\/uploads\/2025\/12\/DSC_0072-1920x1280.png 1920w\" sizes=\"auto, (max-width: 1024px) 100vw, 1024px\" \/><img loading=\"lazy\" decoding=\"async\" class=\"aligncenter size-large wp-image-4640\" src=\"https:\/\/www.baeckerei-schedel.de\/wp-content\/uploads\/2025\/12\/DSC_0078-1024x683.png\" alt=\"\" width=\"1024\" height=\"683\" srcset=\"https:\/\/www.baeckerei-schedel.de\/wp-content\/uploads\/2025\/12\/DSC_0078-1024x683.png 1024w, https:\/\/www.baeckerei-schedel.de\/wp-content\/uploads\/2025\/12\/DSC_0078-300x200.png 300w, https:\/\/www.baeckerei-schedel.de\/wp-content\/uploads\/2025\/12\/DSC_0078-768x512.png 768w, https:\/\/www.baeckerei-schedel.de\/wp-content\/uploads\/2025\/12\/DSC_0078-1536x1024.png 1536w, https:\/\/www.baeckerei-schedel.de\/wp-content\/uploads\/2025\/12\/DSC_0078-1920x1280.png 1920w\" sizes=\"auto, (max-width: 1024px) 100vw, 1024px\" \/><img loading=\"lazy\" decoding=\"async\" class=\"aligncenter size-large wp-image-4639\" src=\"https:\/\/www.baeckerei-schedel.de\/wp-content\/uploads\/2025\/12\/DSC_0089-1024x683.png\" alt=\"\" width=\"1024\" height=\"683\" srcset=\"https:\/\/www.baeckerei-schedel.de\/wp-content\/uploads\/2025\/12\/DSC_0089-1024x683.png 1024w, https:\/\/www.baeckerei-schedel.de\/wp-content\/uploads\/2025\/12\/DSC_0089-300x200.png 300w, https:\/\/www.baeckerei-schedel.de\/wp-content\/uploads\/2025\/12\/DSC_0089-768x512.png 768w, https:\/\/www.baeckerei-schedel.de\/wp-content\/uploads\/2025\/12\/DSC_0089-1536x1024.png 1536w, https:\/\/www.baeckerei-schedel.de\/wp-content\/uploads\/2025\/12\/DSC_0089-1920x1280.png 1920w\" sizes=\"auto, (max-width: 1024px) 100vw, 1024px\" \/><img loading=\"lazy\" decoding=\"async\" class=\"aligncenter size-large wp-image-4638\" src=\"https:\/\/www.baeckerei-schedel.de\/wp-content\/uploads\/2025\/12\/DSC_0095-1024x683.png\" alt=\"\" width=\"1024\" height=\"683\" srcset=\"https:\/\/www.baeckerei-schedel.de\/wp-content\/uploads\/2025\/12\/DSC_0095-1024x683.png 1024w, https:\/\/www.baeckerei-schedel.de\/wp-content\/uploads\/2025\/12\/DSC_0095-300x200.png 300w, https:\/\/www.baeckerei-schedel.de\/wp-content\/uploads\/2025\/12\/DSC_0095-768x512.png 768w, https:\/\/www.baeckerei-schedel.de\/wp-content\/uploads\/2025\/12\/DSC_0095-1536x1024.png 1536w, https:\/\/www.baeckerei-schedel.de\/wp-content\/uploads\/2025\/12\/DSC_0095-1920x1280.png 1920w\" sizes=\"auto, (max-width: 1024px) 100vw, 1024px\" \/><img loading=\"lazy\" decoding=\"async\" class=\"aligncenter size-large wp-image-4637\" src=\"https:\/\/www.baeckerei-schedel.de\/wp-content\/uploads\/2025\/12\/DSC_0102-1024x683.png\" alt=\"\" width=\"1024\" height=\"683\" srcset=\"https:\/\/www.baeckerei-schedel.de\/wp-content\/uploads\/2025\/12\/DSC_0102-1024x683.png 1024w, https:\/\/www.baeckerei-schedel.de\/wp-content\/uploads\/2025\/12\/DSC_0102-300x200.png 300w, https:\/\/www.baeckerei-schedel.de\/wp-content\/uploads\/2025\/12\/DSC_0102-768x512.png 768w, https:\/\/www.baeckerei-schedel.de\/wp-content\/uploads\/2025\/12\/DSC_0102-1536x1024.png 1536w, https:\/\/www.baeckerei-schedel.de\/wp-content\/uploads\/2025\/12\/DSC_0102-1920x1280.png 1920w\" sizes=\"auto, (max-width: 1024px) 100vw, 1024px\" \/><img loading=\"lazy\" decoding=\"async\" class=\"aligncenter size-large wp-image-4636\" src=\"https:\/\/www.baeckerei-schedel.de\/wp-content\/uploads\/2025\/12\/DSC_0111-1024x683.png\" alt=\"\" width=\"1024\" height=\"683\" srcset=\"https:\/\/www.baeckerei-schedel.de\/wp-content\/uploads\/2025\/12\/DSC_0111-1024x683.png 1024w, https:\/\/www.baeckerei-schedel.de\/wp-content\/uploads\/2025\/12\/DSC_0111-300x200.png 300w, https:\/\/www.baeckerei-schedel.de\/wp-content\/uploads\/2025\/12\/DSC_0111-768x512.png 768w, https:\/\/www.baeckerei-schedel.de\/wp-content\/uploads\/2025\/12\/DSC_0111-1536x1024.png 1536w, https:\/\/www.baeckerei-schedel.de\/wp-content\/uploads\/2025\/12\/DSC_0111-1920x1280.png 1920w\" sizes=\"auto, (max-width: 1024px) 100vw, 1024px\" \/><img loading=\"lazy\" decoding=\"async\" class=\"aligncenter size-large wp-image-4635\" src=\"https:\/\/www.baeckerei-schedel.de\/wp-content\/uploads\/2025\/12\/DSC_0119-1024x683.png\" alt=\"\" width=\"1024\" height=\"683\" srcset=\"https:\/\/www.baeckerei-schedel.de\/wp-content\/uploads\/2025\/12\/DSC_0119-1024x683.png 1024w, https:\/\/www.baeckerei-schedel.de\/wp-content\/uploads\/2025\/12\/DSC_0119-300x200.png 300w, https:\/\/www.baeckerei-schedel.de\/wp-content\/uploads\/2025\/12\/DSC_0119-768x512.png 768w, https:\/\/www.baeckerei-schedel.de\/wp-content\/uploads\/2025\/12\/DSC_0119-1536x1024.png 1536w, https:\/\/www.baeckerei-schedel.de\/wp-content\/uploads\/2025\/12\/DSC_0119-1920x1280.png 1920w\" sizes=\"auto, (max-width: 1024px) 100vw, 1024px\" \/>[\/vc_column_text]<div class=\"grve-element grve-hr grve-space-divider\" style=\"\"><\/div>[\/vc_tta_section][vc_tta_section i_icon_fontawesome=&#8220;fab fa-stack-overflow&#8220; add_icon=&#8220;true&#8220; title=&#8220;Kuchen&#8220; tab_id=&#8220;1765282394287-a3daf86d-c0c3&#8243;][vc_column_text]Auch unsere Kuchen stehen den Torten in nichts nach.<\/p>\n<p><img loading=\"lazy\" decoding=\"async\" class=\"aligncenter size-large wp-image-4628\" src=\"https:\/\/www.baeckerei-schedel.de\/wp-content\/uploads\/2025\/12\/DSC_0002-1024x683.png\" alt=\"\" width=\"1024\" height=\"683\" srcset=\"https:\/\/www.baeckerei-schedel.de\/wp-content\/uploads\/2025\/12\/DSC_0002-1024x683.png 1024w, https:\/\/www.baeckerei-schedel.de\/wp-content\/uploads\/2025\/12\/DSC_0002-300x200.png 300w, https:\/\/www.baeckerei-schedel.de\/wp-content\/uploads\/2025\/12\/DSC_0002-768x512.png 768w, https:\/\/www.baeckerei-schedel.de\/wp-content\/uploads\/2025\/12\/DSC_0002-1536x1024.png 1536w, https:\/\/www.baeckerei-schedel.de\/wp-content\/uploads\/2025\/12\/DSC_0002-1920x1280.png 1920w\" sizes=\"auto, (max-width: 1024px) 100vw, 1024px\" \/><img loading=\"lazy\" decoding=\"async\" class=\"aligncenter size-large wp-image-4629\" src=\"https:\/\/www.baeckerei-schedel.de\/wp-content\/uploads\/2025\/12\/DSC_0007-1024x683.png\" alt=\"\" width=\"1024\" height=\"683\" srcset=\"https:\/\/www.baeckerei-schedel.de\/wp-content\/uploads\/2025\/12\/DSC_0007-1024x683.png 1024w, https:\/\/www.baeckerei-schedel.de\/wp-content\/uploads\/2025\/12\/DSC_0007-300x200.png 300w, https:\/\/www.baeckerei-schedel.de\/wp-content\/uploads\/2025\/12\/DSC_0007-768x512.png 768w, https:\/\/www.baeckerei-schedel.de\/wp-content\/uploads\/2025\/12\/DSC_0007-1536x1024.png 1536w, https:\/\/www.baeckerei-schedel.de\/wp-content\/uploads\/2025\/12\/DSC_0007-1920x1280.png 1920w\" sizes=\"auto, (max-width: 1024px) 100vw, 1024px\" \/><img loading=\"lazy\" decoding=\"async\" class=\"aligncenter size-large wp-image-4630\" src=\"https:\/\/www.baeckerei-schedel.de\/wp-content\/uploads\/2025\/12\/DSC_0020-1024x683.png\" alt=\"\" width=\"1024\" height=\"683\" srcset=\"https:\/\/www.baeckerei-schedel.de\/wp-content\/uploads\/2025\/12\/DSC_0020-1024x683.png 1024w, https:\/\/www.baeckerei-schedel.de\/wp-content\/uploads\/2025\/12\/DSC_0020-300x200.png 300w, https:\/\/www.baeckerei-schedel.de\/wp-content\/uploads\/2025\/12\/DSC_0020-768x512.png 768w, https:\/\/www.baeckerei-schedel.de\/wp-content\/uploads\/2025\/12\/DSC_0020-1536x1024.png 1536w, https:\/\/www.baeckerei-schedel.de\/wp-content\/uploads\/2025\/12\/DSC_0020-1920x1280.png 1920w\" sizes=\"auto, (max-width: 1024px) 100vw, 1024px\" \/><img loading=\"lazy\" decoding=\"async\" class=\"aligncenter size-large wp-image-4631\" src=\"https:\/\/www.baeckerei-schedel.de\/wp-content\/uploads\/2025\/12\/DSC_0031-1024x683.png\" alt=\"\" width=\"1024\" height=\"683\" srcset=\"https:\/\/www.baeckerei-schedel.de\/wp-content\/uploads\/2025\/12\/DSC_0031-1024x683.png 1024w, https:\/\/www.baeckerei-schedel.de\/wp-content\/uploads\/2025\/12\/DSC_0031-300x200.png 300w, https:\/\/www.baeckerei-schedel.de\/wp-content\/uploads\/2025\/12\/DSC_0031-768x512.png 768w, https:\/\/www.baeckerei-schedel.de\/wp-content\/uploads\/2025\/12\/DSC_0031-1536x1024.png 1536w, https:\/\/www.baeckerei-schedel.de\/wp-content\/uploads\/2025\/12\/DSC_0031-1920x1280.png 1920w\" sizes=\"auto, (max-width: 1024px) 100vw, 1024px\" \/><img loading=\"lazy\" decoding=\"async\" class=\"aligncenter size-large wp-image-4632\" src=\"https:\/\/www.baeckerei-schedel.de\/wp-content\/uploads\/2025\/12\/DSC_9995-1024x685.png\" alt=\"\" width=\"1024\" height=\"685\" srcset=\"https:\/\/www.baeckerei-schedel.de\/wp-content\/uploads\/2025\/12\/DSC_9995-1024x685.png 1024w, https:\/\/www.baeckerei-schedel.de\/wp-content\/uploads\/2025\/12\/DSC_9995-300x201.png 300w, https:\/\/www.baeckerei-schedel.de\/wp-content\/uploads\/2025\/12\/DSC_9995-768x514.png 768w, https:\/\/www.baeckerei-schedel.de\/wp-content\/uploads\/2025\/12\/DSC_9995-1536x1027.png 1536w, https:\/\/www.baeckerei-schedel.de\/wp-content\/uploads\/2025\/12\/DSC_9995-1920x1284.png 1920w\" sizes=\"auto, (max-width: 1024px) 100vw, 1024px\" \/><\/p>\n<p>&nbsp;<\/p>\n<p>&nbsp;[\/vc_column_text]<div class=\"grve-element grve-hr grve-space-divider\" style=\"\"><\/div>[\/vc_tta_section][vc_tta_section i_icon_fontawesome=&#8220;fab fa-odnoklassniki&#8220; add_icon=&#8220;true&#8220; title=&#8220;S\u00fc\u00dfe Verf\u00fchrer&#8220; tab_id=&#8220;1749022071127-62b55359-ff5f&#8220;][vc_column_text]Ob Nussecken, flammende Herzen oder Nougatringe \u2013 wir haben f\u00fcr jeden was S\u00fc\u00dfes im Angebot. Auch Knusperkekse oder Hanf-Taler d\u00fcrfen in unserem Sortiment nicht fehlen. All diese Leckereien werden von unseren Konditoren mit Liebe und besten Zutaten hergestellt. <img loading=\"lazy\" decoding=\"async\" class=\"aligncenter size-large wp-image-4650\" src=\"https:\/\/www.baeckerei-schedel.de\/wp-content\/uploads\/2025\/12\/IMG_20250606_095804-1024x531.png\" alt=\"\" width=\"1024\" height=\"531\" srcset=\"https:\/\/www.baeckerei-schedel.de\/wp-content\/uploads\/2025\/12\/IMG_20250606_095804-1024x531.png 1024w, https:\/\/www.baeckerei-schedel.de\/wp-content\/uploads\/2025\/12\/IMG_20250606_095804-300x156.png 300w, https:\/\/www.baeckerei-schedel.de\/wp-content\/uploads\/2025\/12\/IMG_20250606_095804-768x398.png 768w, https:\/\/www.baeckerei-schedel.de\/wp-content\/uploads\/2025\/12\/IMG_20250606_095804-1536x797.png 1536w, https:\/\/www.baeckerei-schedel.de\/wp-content\/uploads\/2025\/12\/IMG_20250606_095804-1920x996.png 1920w\" sizes=\"auto, (max-width: 1024px) 100vw, 1024px\" \/><img loading=\"lazy\" decoding=\"async\" class=\"aligncenter size-large wp-image-4651\" src=\"https:\/\/www.baeckerei-schedel.de\/wp-content\/uploads\/2025\/12\/IMG_20250606_095822-1024x768.png\" alt=\"\" width=\"1024\" height=\"768\" srcset=\"https:\/\/www.baeckerei-schedel.de\/wp-content\/uploads\/2025\/12\/IMG_20250606_095822-1024x768.png 1024w, https:\/\/www.baeckerei-schedel.de\/wp-content\/uploads\/2025\/12\/IMG_20250606_095822-300x225.png 300w, https:\/\/www.baeckerei-schedel.de\/wp-content\/uploads\/2025\/12\/IMG_20250606_095822-768x576.png 768w, https:\/\/www.baeckerei-schedel.de\/wp-content\/uploads\/2025\/12\/IMG_20250606_095822-1536x1152.png 1536w, https:\/\/www.baeckerei-schedel.de\/wp-content\/uploads\/2025\/12\/IMG_20250606_095822-1920x1440.png 1920w\" sizes=\"auto, (max-width: 1024px) 100vw, 1024px\" \/>[\/vc_column_text][\/vc_tta_section][vc_tta_section i_icon_fontawesome=&#8220;fab fa-odnoklassniki&#8220; add_icon=&#8220;true&#8220; title=&#8220;Eis&#8220; tab_id=&#8220;1765276382364-ee68a22f-5a59&#8243;][vc_column_text]Von April bis Oktober vers\u00fc\u00dfen wir unsere Kunden mit selbst hergestelltem Kugeleis. Lassen Sie sich im Caf\u00e9 einen sch\u00f6nen leckeren Eisbecher schmecken.<\/p>\n<p>Von Sonntag bis Donnerstag lassen wir unsere Softeismaschine f\u00fcr Sie laufen.[\/vc_column_text][\/vc_tta_section][\/vc_tta_accordion][\/vc_column][\/vc_row]<\/p>\n<\/div>","protected":false},"excerpt":{"rendered":"<p>[vc_row][vc_column][\/vc_column][\/vc_row][vc_row][vc_column][vc_tta_accordion][vc_tta_section i_icon_fontawesome=&#8220;fas fa-home&#8220; add_icon=&#8220;true&#8220; title=&#8220;Pralinen&#8220; tab_id=&#8220;1749021922896-94c8055d-f16c&#8220;][vc_column_text] Die Praline steht bei uns sehr hoch im Kurs. Wir stellen die \u201es\u00fc\u00dfe Versuchung\u201c mit gr\u00f6\u00dftem handwerklichem Geschick komplett in unserer Konditorei selbst her. Lassen Sie sich von au\u00dfergew\u00f6hnlichen F\u00fcllungen sowohl mit als auch ohne Alkohol verw\u00f6hnen. [\/vc_column_text][\/vc_tta_section][vc_tta_section i_icon_fontawesome=&#8220;fab fa-stack-overflow&#8220; add_icon=&#8220;true&#8220; title=&#8220;Torten &#8220; tab_id=&#8220;1749021922896-4bf06b85-0426&#8243;][vc_column_text]F\u00fcr Sie fertigen wir au\u00dfer unseren [&hellip;]<\/p>\n","protected":false},"author":1,"featured_media":0,"parent":0,"menu_order":0,"comment_status":"closed","ping_status":"closed","template":"","meta":{"footnotes":""},"class_list":["post-4607","page","type-page","status-publish","hentry"],"_links":{"self":[{"href":"https:\/\/www.baeckerei-schedel.de\/index.php?rest_route=\/wp\/v2\/pages\/4607","targetHints":{"allow":["GET"]}}],"collection":[{"href":"https:\/\/www.baeckerei-schedel.de\/index.php?rest_route=\/wp\/v2\/pages"}],"about":[{"href":"https:\/\/www.baeckerei-schedel.de\/index.php?rest_route=\/wp\/v2\/types\/page"}],"author":[{"embeddable":true,"href":"https:\/\/www.baeckerei-schedel.de\/index.php?rest_route=\/wp\/v2\/users\/1"}],"replies":[{"embeddable":true,"href":"https:\/\/www.baeckerei-schedel.de\/index.php?rest_route=%2Fwp%2Fv2%2Fcomments&post=4607"}],"version-history":[{"count":9,"href":"https:\/\/www.baeckerei-schedel.de\/index.php?rest_route=\/wp\/v2\/pages\/4607\/revisions"}],"predecessor-version":[{"id":4652,"href":"https:\/\/www.baeckerei-schedel.de\/index.php?rest_route=\/wp\/v2\/pages\/4607\/revisions\/4652"}],"wp:attachment":[{"href":"https:\/\/www.baeckerei-schedel.de\/index.php?rest_route=%2Fwp%2Fv2%2Fmedia&parent=4607"}],"curies":[{"name":"wp","href":"https:\/\/api.w.org\/{rel}","templated":true}]}}