{"id":4569,"date":"2025-12-08T14:16:47","date_gmt":"2025-12-08T14:16:47","guid":{"rendered":"https:\/\/www.baeckerei-schedel.de\/?page_id=4569"},"modified":"2025-12-09T09:45:03","modified_gmt":"2025-12-09T09:45:03","slug":"cafe","status":"publish","type":"page","link":"https:\/\/www.baeckerei-schedel.de\/?page_id=4569","title":{"rendered":"Caf\u00e9"},"content":{"rendered":"<div class=\"wpb-content-wrapper\"><p>[vc_row][vc_column]<div class=\"grve-element grve-slogan grve-align-center\" style=\"\"><h1 class=\"grve-slogan-title grve-align-center grve-title-no-line\"><span>Caf\u00e9<\/span><\/h1>  <p class=\"\">Genie\u00dfe den Moment \u2013 bei uns im Caf\u00e9, wo guter Kaffee und k\u00f6stliche Torten auf gem\u00fctliche Atmosph\u00e4re trifft!<\/p><\/div><div class=\"grve-element grve-hr grve-space-divider\" style=\"\"><\/div><div class=\"grve-element grve-hr grve-space-divider\" style=\"\"><\/div>[\/vc_column][\/vc_row][vc_row][vc_column]<div class=\"grve-element grve-gallery grve-isotope grve-gallery-popup\" style=\"\" data-gutter=\"yes\" data-type=\"3-columns\" data-layout=\"fitRows\"><div class=\"grve-isotope-container\"><div class=\"grve-isotope-item \"><a href=\"https:\/\/www.baeckerei-schedel.de\/wp-content\/uploads\/2025\/12\/DSC00407-1920x1440.jpg\"><figure class=\"grve-image-hover grve-zoom-in\"><div class=\"grve-media grve-dark-overlay grve-opacity-60\"><img loading=\"lazy\" decoding=\"async\" width=\"560\" height=\"560\" src=\"https:\/\/www.baeckerei-schedel.de\/wp-content\/uploads\/2025\/12\/DSC00407-560x560.jpg\" class=\"attachment-grve-image-small-square size-grve-image-small-square\" alt=\"\" srcset=\"https:\/\/www.baeckerei-schedel.de\/wp-content\/uploads\/2025\/12\/DSC00407-560x560.jpg 560w, https:\/\/www.baeckerei-schedel.de\/wp-content\/uploads\/2025\/12\/DSC00407-150x150.jpg 150w, https:\/\/www.baeckerei-schedel.de\/wp-content\/uploads\/2025\/12\/DSC00407-80x80.jpg 80w, https:\/\/www.baeckerei-schedel.de\/wp-content\/uploads\/2025\/12\/DSC00407-1120x1120.jpg 1120w\" sizes=\"auto, (max-width: 560px) 100vw, 560px\" \/><\/div><figcaption><h6 class=\"grve-title grve-dark\">DSC00407<\/h6><\/figcaption><\/figure><\/a><\/div><div class=\"grve-isotope-item \"><a href=\"https:\/\/www.baeckerei-schedel.de\/wp-content\/uploads\/2025\/12\/DSC00408-1920x1440.jpg\"><figure class=\"grve-image-hover grve-zoom-in\"><div class=\"grve-media grve-dark-overlay grve-opacity-60\"><img loading=\"lazy\" decoding=\"async\" width=\"560\" height=\"560\" src=\"https:\/\/www.baeckerei-schedel.de\/wp-content\/uploads\/2025\/12\/DSC00408-560x560.jpg\" class=\"attachment-grve-image-small-square size-grve-image-small-square\" alt=\"\" srcset=\"https:\/\/www.baeckerei-schedel.de\/wp-content\/uploads\/2025\/12\/DSC00408-560x560.jpg 560w, https:\/\/www.baeckerei-schedel.de\/wp-content\/uploads\/2025\/12\/DSC00408-150x150.jpg 150w, https:\/\/www.baeckerei-schedel.de\/wp-content\/uploads\/2025\/12\/DSC00408-80x80.jpg 80w, https:\/\/www.baeckerei-schedel.de\/wp-content\/uploads\/2025\/12\/DSC00408-1120x1120.jpg 1120w\" sizes=\"auto, (max-width: 560px) 100vw, 560px\" \/><\/div><figcaption><h6 class=\"grve-title grve-dark\">DSC00408<\/h6><\/figcaption><\/figure><\/a><\/div><div class=\"grve-isotope-item \"><a href=\"https:\/\/www.baeckerei-schedel.de\/wp-content\/uploads\/2025\/12\/DSC00409-1920x1440.jpg\"><figure class=\"grve-image-hover grve-zoom-in\"><div class=\"grve-media grve-dark-overlay grve-opacity-60\"><img loading=\"lazy\" decoding=\"async\" width=\"560\" height=\"560\" src=\"https:\/\/www.baeckerei-schedel.de\/wp-content\/uploads\/2025\/12\/DSC00409-560x560.jpg\" class=\"attachment-grve-image-small-square size-grve-image-small-square\" alt=\"\" srcset=\"https:\/\/www.baeckerei-schedel.de\/wp-content\/uploads\/2025\/12\/DSC00409-560x560.jpg 560w, https:\/\/www.baeckerei-schedel.de\/wp-content\/uploads\/2025\/12\/DSC00409-150x150.jpg 150w, https:\/\/www.baeckerei-schedel.de\/wp-content\/uploads\/2025\/12\/DSC00409-80x80.jpg 80w, https:\/\/www.baeckerei-schedel.de\/wp-content\/uploads\/2025\/12\/DSC00409-1120x1120.jpg 1120w\" sizes=\"auto, (max-width: 560px) 100vw, 560px\" \/><\/div><figcaption><h6 class=\"grve-title grve-dark\">DSC00409<\/h6><\/figcaption><\/figure><\/a><\/div><div class=\"grve-isotope-item \"><a href=\"https:\/\/www.baeckerei-schedel.de\/wp-content\/uploads\/2025\/12\/DSC00410-1920x1440.jpg\"><figure class=\"grve-image-hover grve-zoom-in\"><div class=\"grve-media grve-dark-overlay grve-opacity-60\"><img loading=\"lazy\" decoding=\"async\" width=\"560\" height=\"560\" src=\"https:\/\/www.baeckerei-schedel.de\/wp-content\/uploads\/2025\/12\/DSC00410-560x560.jpg\" class=\"attachment-grve-image-small-square size-grve-image-small-square\" alt=\"\" srcset=\"https:\/\/www.baeckerei-schedel.de\/wp-content\/uploads\/2025\/12\/DSC00410-560x560.jpg 560w, https:\/\/www.baeckerei-schedel.de\/wp-content\/uploads\/2025\/12\/DSC00410-150x150.jpg 150w, https:\/\/www.baeckerei-schedel.de\/wp-content\/uploads\/2025\/12\/DSC00410-80x80.jpg 80w, https:\/\/www.baeckerei-schedel.de\/wp-content\/uploads\/2025\/12\/DSC00410-1120x1120.jpg 1120w\" sizes=\"auto, (max-width: 560px) 100vw, 560px\" \/><\/div><figcaption><h6 class=\"grve-title grve-dark\">DSC00410<\/h6><\/figcaption><\/figure><\/a><\/div><div class=\"grve-isotope-item \"><a href=\"https:\/\/www.baeckerei-schedel.de\/wp-content\/uploads\/2025\/12\/DSC00412-1920x1440.jpg\"><figure class=\"grve-image-hover grve-zoom-in\"><div class=\"grve-media grve-dark-overlay grve-opacity-60\"><img loading=\"lazy\" decoding=\"async\" width=\"560\" height=\"560\" src=\"https:\/\/www.baeckerei-schedel.de\/wp-content\/uploads\/2025\/12\/DSC00412-560x560.jpg\" class=\"attachment-grve-image-small-square size-grve-image-small-square\" alt=\"\" srcset=\"https:\/\/www.baeckerei-schedel.de\/wp-content\/uploads\/2025\/12\/DSC00412-560x560.jpg 560w, https:\/\/www.baeckerei-schedel.de\/wp-content\/uploads\/2025\/12\/DSC00412-150x150.jpg 150w, https:\/\/www.baeckerei-schedel.de\/wp-content\/uploads\/2025\/12\/DSC00412-80x80.jpg 80w, https:\/\/www.baeckerei-schedel.de\/wp-content\/uploads\/2025\/12\/DSC00412-1120x1120.jpg 1120w\" sizes=\"auto, (max-width: 560px) 100vw, 560px\" \/><\/div><figcaption><h6 class=\"grve-title grve-dark\">DSC00412<\/h6><\/figcaption><\/figure><\/a><\/div><div class=\"grve-isotope-item \"><a href=\"https:\/\/www.baeckerei-schedel.de\/wp-content\/uploads\/2025\/12\/DSC00413-1920x1440.jpg\"><figure class=\"grve-image-hover grve-zoom-in\"><div class=\"grve-media grve-dark-overlay grve-opacity-60\"><img loading=\"lazy\" decoding=\"async\" width=\"560\" height=\"560\" src=\"https:\/\/www.baeckerei-schedel.de\/wp-content\/uploads\/2025\/12\/DSC00413-560x560.jpg\" class=\"attachment-grve-image-small-square size-grve-image-small-square\" alt=\"\" srcset=\"https:\/\/www.baeckerei-schedel.de\/wp-content\/uploads\/2025\/12\/DSC00413-560x560.jpg 560w, https:\/\/www.baeckerei-schedel.de\/wp-content\/uploads\/2025\/12\/DSC00413-150x150.jpg 150w, https:\/\/www.baeckerei-schedel.de\/wp-content\/uploads\/2025\/12\/DSC00413-80x80.jpg 80w, https:\/\/www.baeckerei-schedel.de\/wp-content\/uploads\/2025\/12\/DSC00413-1120x1120.jpg 1120w\" sizes=\"auto, (max-width: 560px) 100vw, 560px\" \/><\/div><figcaption><h6 class=\"grve-title grve-dark\">DSC00413<\/h6><\/figcaption><\/figure><\/a><\/div><\/div><\/div>[\/vc_column][\/vc_row]<\/p>\n<\/div>","protected":false},"excerpt":{"rendered":"<p>[vc_row][vc_column][\/vc_column][\/vc_row][vc_row][vc_column][\/vc_column][\/vc_row]<\/p>\n","protected":false},"author":1,"featured_media":0,"parent":0,"menu_order":0,"comment_status":"closed","ping_status":"closed","template":"","meta":{"footnotes":""},"class_list":["post-4569","page","type-page","status-publish","hentry"],"_links":{"self":[{"href":"https:\/\/www.baeckerei-schedel.de\/index.php?rest_route=\/wp\/v2\/pages\/4569","targetHints":{"allow":["GET"]}}],"collection":[{"href":"https:\/\/www.baeckerei-schedel.de\/index.php?rest_route=\/wp\/v2\/pages"}],"about":[{"href":"https:\/\/www.baeckerei-schedel.de\/index.php?rest_route=\/wp\/v2\/types\/page"}],"author":[{"embeddable":true,"href":"https:\/\/www.baeckerei-schedel.de\/index.php?rest_route=\/wp\/v2\/users\/1"}],"replies":[{"embeddable":true,"href":"https:\/\/www.baeckerei-schedel.de\/index.php?rest_route=%2Fwp%2Fv2%2Fcomments&post=4569"}],"version-history":[{"count":4,"href":"https:\/\/www.baeckerei-schedel.de\/index.php?rest_route=\/wp\/v2\/pages\/4569\/revisions"}],"predecessor-version":[{"id":4585,"href":"https:\/\/www.baeckerei-schedel.de\/index.php?rest_route=\/wp\/v2\/pages\/4569\/revisions\/4585"}],"wp:attachment":[{"href":"https:\/\/www.baeckerei-schedel.de\/index.php?rest_route=%2Fwp%2Fv2%2Fmedia&parent=4569"}],"curies":[{"name":"wp","href":"https:\/\/api.w.org\/{rel}","templated":true}]}}