{"id":4519,"date":"2025-02-28T09:05:21","date_gmt":"2025-02-28T09:05:21","guid":{"rendered":"https:\/\/www.baeckerei-schedel.de\/?page_id=4519"},"modified":"2025-12-10T06:08:49","modified_gmt":"2025-12-10T06:08:49","slug":"aaa-startseite","status":"publish","type":"page","link":"https:\/\/www.baeckerei-schedel.de\/","title":{"rendered":"AAA-Startseite"},"content":{"rendered":"<div class=\"wpb-content-wrapper\"><p>[vc_row heading_color=&#8220;dark&#8220; section_type=&#8220;in-container&#8220; padding_top=&#8220;60&#8243; padding_bottom=&#8220;120&#8243; margin_bottom=&#8220;0&#8243;][vc_column]<div class=\"grve-element grve-slogan grve-align-center\" style=\"margin-bottom: 90px;\"><h2 class=\"grve-slogan-title grve-align-center grve-title-line\"><span>Willkommen auf der<br \/>\nInternetseite von<br \/>\nB\u00e4ckerei Konditorei Caf\u00e9 Schedel<\/span><\/h2>  <p class=\"\">Sch\u00f6n, dass Sie bei uns vorbeischauen!<\/p>\n<p>Mit Liebe und Leidenschaft backen wir t\u00e4glich frische, handgemachte K\u00f6stlichkeiten. Ob duftende Br\u00f6tchen, saftige Kuchen, Pralinen oder unser knuspriges Brot \u2013 bei uns findest du alles, was das Herz begehrt.<\/p>\n<p>Lass dich von unserer Auswahl inspirieren und genie\u00dfe den Duft frischgebackener Waren in gem\u00fctlicher Atmosph\u00e4re. Wir freuen uns auf deinen Besuch!<\/p><\/div>[\/vc_column][vc_column width=&#8220;1\/3&#8243;]<div class=\"grve-element grve-box-icon grve-align-left\" style=\"margin-bottom: 60px;\"><a href=\"https:\/\/www.baeckerei-schedel.de\/?page_id=4569\" target=\"_self\">  <div class=\"grve-icon grve-small grve-simple grve-circle grve-bg-grey fa fa-coffee\"><\/div><\/a>  <div class=\"grve-box-content\"><a href=\"https:\/\/www.baeckerei-schedel.de\/?page_id=4569\" target=\"_self\"><h5 class=\"grve-box-title\"><span>Caf\u00e9<\/span><\/h5><\/a>    <p class=\"\">Genie\u00dfe den Moment \u2013 bei uns im Caf\u00e9, wo guter Kaffee und k\u00f6stliche Torten auf gem\u00fctliche Atmosph\u00e4re trifft!<\/p>  <\/div><\/div><div class=\"grve-element grve-box-icon grve-align-left\" style=\"\"><a href=\"https:\/\/www.baeckerei-schedel.de\/?page_id=4607\" target=\"_self\">  <div class=\"grve-icon grve-small grve-simple grve-circle grve-bg-grey fa fa-exchange\"><\/div><\/a>  <div class=\"grve-box-content\"><a href=\"https:\/\/www.baeckerei-schedel.de\/?page_id=4607\" target=\"_self\"><h5 class=\"grve-box-title\"><span>Handgemachte Pralinen<\/span><\/h5><\/a>    <p class=\"\">Lassen Sie sich von unseren handgemachten Pralinen verf\u00fchren \u2013 ein Genuss, der auf der Zunge zergeht!<\/p>  <\/div><\/div>[\/vc_column][vc_column width=&#8220;1\/3&#8243;]<div class=\"grve-element grve-box-icon grve-align-left\" style=\"margin-bottom: 60px;\"><a href=\"https:\/\/www.baeckerei-schedel.de\/?page_id=4598\" target=\"_self\">  <div class=\"grve-icon grve-small grve-simple grve-circle grve-bg-grey fa fa-bolt\"><\/div><\/a>  <div class=\"grve-box-content\"><a href=\"https:\/\/www.baeckerei-schedel.de\/?page_id=4598\" target=\"_self\"><h5 class=\"grve-box-title\"><span>B\u00e4ckerei<\/span><\/h5><\/a>    <p class=\"\">Frisch, lecker, handgemacht \u2013wir backen f\u00fcr Sie mit Liebe und handwerklichem K\u00f6nnen vom knusprigen Br\u00f6tchen bis hin zu saisonalen Besonderheiten.<\/p>  <\/div><\/div><div class=\"grve-element grve-box-icon grve-align-left\" style=\"\"><a href=\"https:\/\/www.baeckerei-schedel.de\/?page_id=4665\" target=\"_self\">  <div class=\"grve-icon grve-small grve-simple grve-circle grve-bg-grey fa fa-lightbulb-o\"><\/div><\/a>  <div class=\"grve-box-content\"><a href=\"https:\/\/www.baeckerei-schedel.de\/?page_id=4665\" target=\"_self\"><h5 class=\"grve-box-title\"><span>Monatsangebot<\/span><\/h5><\/a>    <p class=\"\">Unser Monatsangebot- \u2013 jeden Monat eine neue K\u00f6stlichkeit f\u00fcr dich!<\/p>  <\/div><\/div>[\/vc_column][vc_column width=&#8220;1\/3&#8243;]<div class=\"grve-element grve-box-icon grve-align-left\" style=\"margin-bottom: 60px;\"><a href=\"https:\/\/www.baeckerei-schedel.de\/?page_id=4607\" target=\"_self\">  <div class=\"grve-icon grve-small grve-simple grve-circle grve-bg-grey fa fa-life-bouy\"><\/div><\/a>  <div class=\"grve-box-content\"><a href=\"https:\/\/www.baeckerei-schedel.de\/?page_id=4607\" target=\"_self\"><h5 class=\"grve-box-title\"><span>Konditorei<\/span><\/h5><\/a>    <p class=\"\">In unserer Konditorei erwarten dich handgefertigte Meisterwerke aus edlen Zutaten, die jeden Moment vers\u00fc\u00dfen.<\/p>  <\/div><\/div><div class=\"grve-element grve-box-icon grve-align-left\" style=\"\"><a href=\"https:\/\/www.baeckerei-schedel.de\/?page_id=4554\" target=\"_self\">  <div class=\"grve-icon grve-small grve-simple grve-circle grve-bg-grey fa fa-cog\"><\/div><\/a>  <div class=\"grve-box-content\"><a href=\"https:\/\/www.baeckerei-schedel.de\/?page_id=4554\" target=\"_self\"><h5 class=\"grve-box-title\"><span>\u00dcber uns<\/span><\/h5><\/a>    <p class=\"\">Caf\u00e9 B\u00e4ckerei Konditorei Schedel \u2013 erfahren Sie mehr \u00fcber unsere Tradition, Qualit\u00e4t und Leidenschaft, um Ihnen t\u00e4glich frische und handgemachte Leckereien zu bieten.<\/p>  <\/div><\/div>[\/vc_column][\/vc_row]<\/p>\n<\/div>","protected":false},"excerpt":{"rendered":"<p>[vc_row heading_color=&#8220;dark&#8220; section_type=&#8220;in-container&#8220; padding_top=&#8220;60&#8243; padding_bottom=&#8220;120&#8243; margin_bottom=&#8220;0&#8243;][vc_column][\/vc_column][vc_column width=&#8220;1\/3&#8243;][\/vc_column][vc_column width=&#8220;1\/3&#8243;][\/vc_column][vc_column width=&#8220;1\/3&#8243;][\/vc_column][\/vc_row]<\/p>\n","protected":false},"author":1,"featured_media":0,"parent":0,"menu_order":0,"comment_status":"open","ping_status":"open","template":"","meta":{"footnotes":""},"class_list":["post-4519","page","type-page","status-publish","hentry"],"_links":{"self":[{"href":"https:\/\/www.baeckerei-schedel.de\/index.php?rest_route=\/wp\/v2\/pages\/4519","targetHints":{"allow":["GET"]}}],"collection":[{"href":"https:\/\/www.baeckerei-schedel.de\/index.php?rest_route=\/wp\/v2\/pages"}],"about":[{"href":"https:\/\/www.baeckerei-schedel.de\/index.php?rest_route=\/wp\/v2\/types\/page"}],"author":[{"embeddable":true,"href":"https:\/\/www.baeckerei-schedel.de\/index.php?rest_route=\/wp\/v2\/users\/1"}],"replies":[{"embeddable":true,"href":"https:\/\/www.baeckerei-schedel.de\/index.php?rest_route=%2Fwp%2Fv2%2Fcomments&post=4519"}],"version-history":[{"count":10,"href":"https:\/\/www.baeckerei-schedel.de\/index.php?rest_route=\/wp\/v2\/pages\/4519\/revisions"}],"predecessor-version":[{"id":4670,"href":"https:\/\/www.baeckerei-schedel.de\/index.php?rest_route=\/wp\/v2\/pages\/4519\/revisions\/4670"}],"wp:attachment":[{"href":"https:\/\/www.baeckerei-schedel.de\/index.php?rest_route=%2Fwp%2Fv2%2Fmedia&parent=4519"}],"curies":[{"name":"wp","href":"https:\/\/api.w.org\/{rel}","templated":true}]}}